{"id":3138,"date":"2020-07-16T16:27:06","date_gmt":"2020-07-16T14:27:06","guid":{"rendered":"http:\/\/blesdors.org\/?page_id=3138"},"modified":"2023-07-03T18:35:18","modified_gmt":"2023-07-03T16:35:18","slug":"les-bles-dor","status":"publish","type":"page","link":"https:\/\/blesdor.org\/index.php\/les-bles-dor\/","title":{"rendered":"Les bl\u00e9s d&rsquo;or"},"content":{"rendered":"<p>Bienvenue au club ! Le club des Bl\u00e9s d&rsquo;or de Gouesnou vous accueille pour vivre de belles aventures et \u00e9motions quel que soit votre \u00e2ge, votre discipline et vos attentes ! Le club propose dans une ambiance \u00ab\u00a0La perf d&rsquo;accord&#8230; le plaisir d&rsquo;abord !\u00a0\u00bb une activit\u00e9 marche (randonn\u00e9es et athl\u00e9 sant\u00e9) , course \u00e0 pied (loisirs et comp\u00e9titions y compris FFA) et athl\u00e9tisme (de l&rsquo;\u00e9veil athl\u00e9tique \u00e0 la comp\u00e9tition FFA)<br \/>\n<!--more--><\/p>\n<p><img loading=\"lazy\" decoding=\"async\" class=\"size-medium wp-image-3348 aligncenter\" src=\"http:\/\/blesdor.org\/wp-content\/uploads\/2021\/08\/IMG_20210828_130706_354-300x267.jpg\" alt=\"\" width=\"300\" height=\"267\" srcset=\"https:\/\/blesdor.org\/wp-content\/uploads\/2021\/08\/IMG_20210828_130706_354-300x267.jpg 300w, https:\/\/blesdor.org\/wp-content\/uploads\/2021\/08\/IMG_20210828_130706_354-1024x911.jpg 1024w, https:\/\/blesdor.org\/wp-content\/uploads\/2021\/08\/IMG_20210828_130706_354-768x683.jpg 768w, https:\/\/blesdor.org\/wp-content\/uploads\/2021\/08\/IMG_20210828_130706_354-1536x1367.jpg 1536w, https:\/\/blesdor.org\/wp-content\/uploads\/2021\/08\/IMG_20210828_130706_354-2048x1822.jpg 2048w\" sizes=\"auto, (max-width: 300px) 100vw, 300px\" \/><\/p>\n<p>Retrouvez toutes les infos<\/p>\n<ul>\n<li>sur l&rsquo;\u00e9cole d&rsquo;athl\u00e9tisme <a href=\"http:\/\/blesdor.org\/index.php\/lathletisme\/\">ICI<\/a><\/li>\n<li>sur la marche<\/li>\n<li>sur la course \u00e0 pied <a href=\"http:\/\/blesdor.org\/index.php\/course-a-pied\/\">ici<\/a><\/li>\n<\/ul>\n","protected":false},"excerpt":{"rendered":"<p>Bienvenue au club ! Le club des Bl\u00e9s d&rsquo;or de Gouesnou vous accueille pour vivre de belles aventures et \u00e9motions quel que soit votre \u00e2ge,<\/p>\n","protected":false},"author":8,"featured_media":3712,"parent":0,"menu_order":0,"comment_status":"closed","ping_status":"closed","template":"","meta":{"footnotes":""},"class_list":["post-3138","page","type-page","status-publish","has-post-thumbnail","hentry"],"_links":{"self":[{"href":"https:\/\/blesdor.org\/index.php\/wp-json\/wp\/v2\/pages\/3138","targetHints":{"allow":["GET"]}}],"collection":[{"href":"https:\/\/blesdor.org\/index.php\/wp-json\/wp\/v2\/pages"}],"about":[{"href":"https:\/\/blesdor.org\/index.php\/wp-json\/wp\/v2\/types\/page"}],"author":[{"embeddable":true,"href":"https:\/\/blesdor.org\/index.php\/wp-json\/wp\/v2\/users\/8"}],"replies":[{"embeddable":true,"href":"https:\/\/blesdor.org\/index.php\/wp-json\/wp\/v2\/comments?post=3138"}],"version-history":[{"count":21,"href":"https:\/\/blesdor.org\/index.php\/wp-json\/wp\/v2\/pages\/3138\/revisions"}],"predecessor-version":[{"id":3713,"href":"https:\/\/blesdor.org\/index.php\/wp-json\/wp\/v2\/pages\/3138\/revisions\/3713"}],"wp:featuredmedia":[{"embeddable":true,"href":"https:\/\/blesdor.org\/index.php\/wp-json\/wp\/v2\/media\/3712"}],"wp:attachment":[{"href":"https:\/\/blesdor.org\/index.php\/wp-json\/wp\/v2\/media?parent=3138"}],"curies":[{"name":"wp","href":"https:\/\/api.w.org\/{rel}","templated":true}]}}