{"id":2316,"date":"2017-05-08T21:14:56","date_gmt":"2017-05-08T19:14:56","guid":{"rendered":"http:\/\/blesdors.org\/?page_id=2316"},"modified":"2017-05-08T21:19:44","modified_gmt":"2017-05-08T19:19:44","slug":"les-animations-proposees","status":"publish","type":"page","link":"https:\/\/blesdor.org\/index.php\/cest-lete-on-sport\/les-animations-proposees\/","title":{"rendered":"Les animations propos\u00e9es"},"content":{"rendered":"<p>Plusieurs animations seront propos\u00e9es :<\/p>\n<p><strong>&#8211; Circuits \u00ab\u00a0enfants\u00a0\u00bb 14h00<\/strong><\/p>\n<p>A 14h00 rendez-vous pour les enfants \u00e2g\u00e9s de 6 \u00e0 10 ans ! Deux animations seront propos\u00e9es :<\/p>\n<ul>\n<li>enfants n\u00e9s en 2010\/2011\/2012 : un crcuit \u00e0 allure contr\u00f4l\u00e9e de 400 m\u00e8tres<\/li>\n<li>enfants n\u00e9s en 2007\/2008\/2009 : &nbsp;un circuit \u00e0 allure contr\u00f4l\u00e9e de 800 m\u00e8tres<\/li>\n<\/ul>\n<p><strong>&#8211; Course de 5 et 10 Km &nbsp;15h00&nbsp;<\/strong><\/p>\n<p>Accessible aux personnes \u00e0 mobilit\u00e9 r\u00e9duite. Les enfants peuvent y participer pour enfants de moins de de 12 ans devront \u00eatre accompagn\u00e9s par un parent.<\/p>\n<p>La course est&nbsp;sans dossard et est non chronom\u00e9tr\u00e9e. Le d\u00e9part sera donn\u00e9 \u00e0 15h00 : parcours \u00e0 courir une fois (5 Km) ou deux fois (10 km)<\/p>\n<p><strong>&#8211; Marche de 5&nbsp;Km &nbsp;15h10<\/strong><\/p>\n<p>Accessible aux personnes \u00e0 mobilit\u00e9 r\u00e9duite. Les enfants peuvent y participer pour enfants de moins de de 12 ans devront \u00eatre accompagn\u00e9s par un parent. le circuit est identique \u00e0 celui de la course \u00e0 pied.<\/p>\n<p>&nbsp;<\/p>\n<p>Plusieurs ravitaillement sont pr\u00e9vu : \u00e0 mi course au lieu dit &nbsp;\u00ab\u00a0Pengu\u00e9rec\u00a0\u00bb et sur la place des fusill\u00e9s.<\/p>\n","protected":false},"excerpt":{"rendered":"<p>Plusieurs animations seront propos\u00e9es : &#8211; Circuits \u00ab\u00a0enfants\u00a0\u00bb 14h00 A 14h00 rendez-vous pour les enfants \u00e2g\u00e9s de 6 \u00e0 10 ans ! Deux animations seront<\/p>\n","protected":false},"author":5,"featured_media":0,"parent":1913,"menu_order":3,"comment_status":"closed","ping_status":"closed","template":"","meta":{"footnotes":""},"class_list":["post-2316","page","type-page","status-publish","hentry"],"_links":{"self":[{"href":"https:\/\/blesdor.org\/index.php\/wp-json\/wp\/v2\/pages\/2316","targetHints":{"allow":["GET"]}}],"collection":[{"href":"https:\/\/blesdor.org\/index.php\/wp-json\/wp\/v2\/pages"}],"about":[{"href":"https:\/\/blesdor.org\/index.php\/wp-json\/wp\/v2\/types\/page"}],"author":[{"embeddable":true,"href":"https:\/\/blesdor.org\/index.php\/wp-json\/wp\/v2\/users\/5"}],"replies":[{"embeddable":true,"href":"https:\/\/blesdor.org\/index.php\/wp-json\/wp\/v2\/comments?post=2316"}],"version-history":[{"count":2,"href":"https:\/\/blesdor.org\/index.php\/wp-json\/wp\/v2\/pages\/2316\/revisions"}],"predecessor-version":[{"id":2319,"href":"https:\/\/blesdor.org\/index.php\/wp-json\/wp\/v2\/pages\/2316\/revisions\/2319"}],"up":[{"embeddable":true,"href":"https:\/\/blesdor.org\/index.php\/wp-json\/wp\/v2\/pages\/1913"}],"wp:attachment":[{"href":"https:\/\/blesdor.org\/index.php\/wp-json\/wp\/v2\/media?parent=2316"}],"curies":[{"name":"wp","href":"https:\/\/api.w.org\/{rel}","templated":true}]}}