{"id":2219,"date":"2017-04-15T18:44:10","date_gmt":"2017-04-15T16:44:10","guid":{"rendered":"http:\/\/blesdors.org\/?page_id=2219"},"modified":"2022-11-21T21:10:38","modified_gmt":"2022-11-21T20:10:38","slug":"infos-adherents","status":"publish","type":"page","link":"https:\/\/blesdor.org\/index.php\/le-club\/infos-adherents\/","title":{"rendered":"Infos Adh\u00e9rents"},"content":{"rendered":"<p style=\"text-align: center;\"><span style=\"font-size: 24px; color: #ff0000;\"><em><strong>Info du 21 Novembre 2022<\/strong><\/em><\/span><\/p>\n<div>&nbsp;<\/div>\n<div style=\"text-align: center;\"><span style=\"font-size: 20px;\"><em><span style=\"color: #0000ff;\"><strong>ECOLE D&rsquo;ATHLETISME<\/strong><\/span><\/em><\/span><\/div>\n<div>&nbsp;<\/div>\n<div>Mardi 22 Novembre pour les minimes et +<\/div>\n<div>Jeudi 24 Novembre 18h30 pour les benjamins et +<\/div>\n<div>Samedi 26 Novembre au Kerzu pour les poussins et cat\u00e9gories sup\u00e9rieures , et au Crann pour les \u00e9veils !<\/div>\n<div>&nbsp;<\/div>\n<div>Cross de Lampaul Plouarzel : infos \u00e0 suivre !<\/div>\n<div>&nbsp;<\/div>\n<div style=\"text-align: center;\"><span style=\"color: #0000ff; font-size: 20px;\"><strong><em>COUREURS<\/em><\/strong><\/span><\/div>\n<div>&nbsp;<\/div>\n<div>\n<div><b>Ce week end<\/b><\/div>\n<div>&nbsp;<\/div>\n<div>Un bien beau week-end pour les bl\u00e9s d&rsquo;or !<\/div>\n<div>&nbsp;<\/div>\n<div>Cela avait commenc\u00e9 par un groupe de 19 \u00e0 l&rsquo;athl\u00e9 sant\u00e9 vendredi matin puis un groupe de marcheurs nordiques le vendredi apr\u00e8s midi !<\/div>\n<div>&nbsp;<\/div>\n<div>Samedi nous avions des jeunes engag\u00e9s au triathlon et au Kid Athl\u00e9 du Stade Brestois Athl\u00e9tisme ! Et dimanche de tr\u00e8s bons r\u00e9sultats : au semi marathon de Deauville d&rsquo;une part avec nathalie et au trail de la vall\u00e9e des seigneurs ! Mes excuses \u00e0 Julien&nbsp;dont j&rsquo;avais annonc\u00e9 l&rsquo;abandon sur hypo (glyc\u00e9mie)&nbsp;au 18\u00e8me Km alors qu&rsquo;il a fini 18\u00e8me &#8230; malgr\u00e9 une hypo !! Bravo Julien et bravpo&nbsp;\u00e0 tous !<\/div>\n<div>&nbsp;<\/div>\n<div>Les r\u00e9sultats complets&nbsp;<a href=\"http:\/\/blesdor.org\/index.php\/2022\/11\/20\/un-beau-week-end-2\/\" target=\"_blank\" rel=\"noopener noreferrer\">ICI<\/a><\/div>\n<div>&nbsp;<\/div>\n<div><b>Week end prochain<\/b><\/div>\n<div>&nbsp;<\/div>\n<div>Des bl\u00e9s d&rsquo;or au marathon de la Rochelle : C\u00e9dric Goeuriot et le duo des coachs&nbsp; Alan LG\/Brendan Hennebault !! \u00e7a va envoyer !<\/div>\n<div>Des bl\u00e9s d&rsquo;or au marathon de Florence : Patrice Foll et S\u00e9bastien Coadou, aff\u00fbt\u00e9s comme jamais !<\/div>\n<div>&nbsp;<\/div>\n<div>Bon courage \u00e0 tous ! Ramenez nous des perfs, des souvenirs et de belles images \ud83d\ude42&nbsp;&nbsp;<\/div>\n<div>&nbsp;<\/div>\n<div>A noter pour les motiv\u00e9s le cross de Lampaul Plouarzel ouvert aux non licenci\u00e9s , infos&nbsp;<a href=\"https:\/\/www.athle29.fr\/Hivernal-2023\/Cross%20de%20Lampaul\/Lampaul_2022.pdf\" target=\"_blank\" rel=\"nofollow noopener noreferrer\">ici<\/a><\/div>\n<div><b>&nbsp;<\/b><\/div>\n<div><b>Les bl\u00e9s d&rsquo;or ont du coeur<\/b><\/div>\n<div>&nbsp;<\/div>\n<div>On voit pas le temps passer mais c&rsquo;est de nouveau \u00ab\u00a0les coureurs ont du coeur\u00a0\u00bb. Comme chaque ann\u00e9e nous partirons \u00e0 9h30 du crann pour aller courir au d\u00e9part de 10h30 (possibilit\u00e9 de se retrouver sur place) et on rentrera \u00e0 Gouesnou apr\u00e8s avoir bu quelques verres de vin chaud ! Il faut apporter un jouet d&rsquo;un montant de 5 euros minimum !<\/div>\n<div>&nbsp;<\/div>\n<div><b>Cette semaine<\/b><\/div>\n<div>&nbsp;<\/div>\n<div>Mardi : Rendez vous sur la piste 18h30 et\/ou 19h30 s\u00e9ance selon la m\u00e9t\u00e9o. A priori s\u00e9ance de c\u00f4tes du c\u00f4t\u00e9 du foyer Jean Monnet mais avec d\u00e9part du crann.<\/div>\n<div>&nbsp;<\/div>\n<div>Mercredi : 18h00 d\u00e9part du crann<\/div>\n<div>&nbsp;<\/div>\n<div>Samedi :&nbsp; sortie trail 8h30<\/div>\n<div>&nbsp;<\/div>\n<div>Dimanche : d\u00e9part 9h30 pour les coureurs ont du coeur !<\/div>\n<div>&nbsp;<\/div>\n<\/div>\n<div>\n<div style=\"text-align: center;\"><span style=\"font-size: 20px;\"><span style=\"color: #0000ff;\"><b><i>BOUTIQUE BLES D&rsquo;OR<\/i><\/b><\/span><\/span><\/div>\n<div>&nbsp;<\/div>\n<div>Au del\u00e0 des tenues \u00ab\u00a0POLY\u00a0\u00bb disponibles au club, il y a une boutique BLES D&rsquo;OR&nbsp;<a href=\"https:\/\/lerondcentral.fr\/clubs\" target=\"_blank\" rel=\"nofollow noopener noreferrer\">ici<\/a><\/div>\n<div>&nbsp;<\/div>\n<div>Code blesdor29850<\/div>\n<div>&nbsp;<\/div>\n<div>Des tenues \u00e0&nbsp;<b>prix bl\u00e9s d&rsquo;or&nbsp;<\/b>pour bien entrer dans l&rsquo;hiver ou l&rsquo;automne \ud83d\ude42 (le club ne fait aucun b\u00e9n\u00e9fice.&nbsp;<span style=\"color: #ff0000;\"><b><i>Pire !! : il y a une r\u00e9duction par rapport au prix catalogue !<\/i><\/b><\/span>)<\/div>\n<\/div>\n<div>&nbsp;<\/div>\n<div style=\"text-align: center;\"><span style=\"font-size: 20px;\"><em><strong><span style=\"color: #0000ff;\">PARTENARE DU MOIS<\/span><\/strong><\/em><\/span><\/div>\n<div>\n<div>&nbsp;<\/div>\n<\/div>\n<div style=\"text-align: center;\"><span style=\"color: #ff6600; font-size: 20px;\"><strong>MEUBLES GAUTIER&nbsp;<\/strong><\/span><\/div>\n<div>&nbsp;<\/div>\n<div>*<\/div>\n<div><a href=\"https:\/\/www.gautier.fr\/fr_FR\/s\/meubles-gautier-brest\"><img loading=\"lazy\" decoding=\"async\" class=\"size-medium wp-image-3459 aligncenter\" src=\"http:\/\/blesdor.org\/wp-content\/uploads\/2022\/11\/logo-Gautier-Brest-300x184.jpg\" alt=\"\" width=\"300\" height=\"184\" srcset=\"https:\/\/blesdor.org\/wp-content\/uploads\/2022\/11\/logo-Gautier-Brest-300x184.jpg 300w, https:\/\/blesdor.org\/wp-content\/uploads\/2022\/11\/logo-Gautier-Brest.jpg 312w\" sizes=\"auto, (max-width: 300px) 100vw, 300px\" \/><\/a><\/div>\n","protected":false},"excerpt":{"rendered":"<p>Info du 21 Novembre 2022 &nbsp; ECOLE D&rsquo;ATHLETISME &nbsp; Mardi 22 Novembre pour les minimes et + Jeudi 24 Novembre 18h30 pour les benjamins et<\/p>\n","protected":false},"author":5,"featured_media":3463,"parent":1857,"menu_order":6,"comment_status":"closed","ping_status":"closed","template":"","meta":{"footnotes":""},"class_list":["post-2219","page","type-page","status-publish","has-post-thumbnail","hentry"],"_links":{"self":[{"href":"https:\/\/blesdor.org\/index.php\/wp-json\/wp\/v2\/pages\/2219","targetHints":{"allow":["GET"]}}],"collection":[{"href":"https:\/\/blesdor.org\/index.php\/wp-json\/wp\/v2\/pages"}],"about":[{"href":"https:\/\/blesdor.org\/index.php\/wp-json\/wp\/v2\/types\/page"}],"author":[{"embeddable":true,"href":"https:\/\/blesdor.org\/index.php\/wp-json\/wp\/v2\/users\/5"}],"replies":[{"embeddable":true,"href":"https:\/\/blesdor.org\/index.php\/wp-json\/wp\/v2\/comments?post=2219"}],"version-history":[{"count":27,"href":"https:\/\/blesdor.org\/index.php\/wp-json\/wp\/v2\/pages\/2219\/revisions"}],"predecessor-version":[{"id":3489,"href":"https:\/\/blesdor.org\/index.php\/wp-json\/wp\/v2\/pages\/2219\/revisions\/3489"}],"up":[{"embeddable":true,"href":"https:\/\/blesdor.org\/index.php\/wp-json\/wp\/v2\/pages\/1857"}],"wp:featuredmedia":[{"embeddable":true,"href":"https:\/\/blesdor.org\/index.php\/wp-json\/wp\/v2\/media\/3463"}],"wp:attachment":[{"href":"https:\/\/blesdor.org\/index.php\/wp-json\/wp\/v2\/media?parent=2219"}],"curies":[{"name":"wp","href":"https:\/\/api.w.org\/{rel}","templated":true}]}}