{"id":1788,"date":"2017-03-21T20:55:35","date_gmt":"2017-03-21T19:55:35","guid":{"rendered":"http:\/\/blesdors.org\/?page_id=1788"},"modified":"2022-10-19T17:59:29","modified_gmt":"2022-10-19T15:59:29","slug":"la-convivialite","status":"publish","type":"page","link":"https:\/\/blesdor.org\/index.php\/la-convivialite\/","title":{"rendered":"La Convivialite"},"content":{"rendered":"<p><strong>\u00ab La perf\u2019 d\u2019accord, le plaisir d\u2019abord \u00bb<\/strong> : une philosophie de club ! Les bl\u00e9s d\u2019or apportent une grande importance \u00e0 la coh\u00e9sion entre ses adh\u00e9rents, marcheurs et coureurs, et \u00e0 la convivialit\u00e9 !<\/p>\n<p>Chaque ann\u00e9e pendant un week-end, coureurs et marcheurs se retrouvent pour une sortie conviviale en Bretagne comme \u00e0 Erquy en 2017 ou Tr\u00e9gavan en 2016 !<\/p>\n<p><img loading=\"lazy\" decoding=\"async\" class=\"alignnone size-full wp-image-2129\" src=\"http:\/\/blesdor.org\/wp-content\/uploads\/2017\/03\/Erquy-presse-site.jpg\" alt=\"\" width=\"300\" height=\"193\"><\/p>\n<p>Les coureurs participent r\u00e9guli\u00e8rement \u00e0 des \u00e9preuves conviviales : marathon du m\u00e9doc, 24h de trail et se retrouvent autour d\u2019after apr\u00e8s les comp\u00e9titions majeures comme le trail de l\u2019aber wrac\u2019h.<\/p>\n<p>A chaque d\u00e9but de saison, le club organise une s\u00e9ance d\u2019accueil des nouveaux adh\u00e9rents.<\/p>\n<p>&nbsp;<\/p>\n<p>Quatre grands moments de convivialit\u00e9 marquent la saison<br \/>\n&#8211; L\u2019assembl\u00e9e g\u00e9n\u00e9rale<\/p>\n<p><img loading=\"lazy\" decoding=\"async\" class=\"alignnone size-full wp-image-2122\" src=\"http:\/\/blesdor.org\/wp-content\/uploads\/2017\/03\/DSC_0879.jpg\" alt=\"\" width=\"350\" height=\"232\"><\/p>\n<p>&#8211; La galette des rois<\/p>\n<p>&#8211; La rencontre entre les partenaires et&nbsp;les b\u00e9n\u00e9voles<\/p>\n<p>&#8211; La sortie \u00ab pique-nique \u00bb avant les vacances d\u2019\u00e9t\u00e9<\/p>\n<p>&nbsp;<\/p>\n<p>&nbsp;<\/p>\n<p>Le club des bl\u00e9s d\u2019or attache aussi une grande importance \u00e0 la convivialit\u00e9 avec les clubs voisins. Des rencontres sont r\u00e9guli\u00e8rement organis\u00e9es chez nos voisins que nous accueillons \u00e9galement r\u00e9guli\u00e8rement !<\/p>\n<p>La coh\u00e9sion entre coureurs se cr\u00e9\u00e9e aussi autour du challenge interne.<\/p>\n<p>&nbsp;<\/p>\n<p>&nbsp;<\/p>\n<p>&nbsp;<\/p>\n<p><iframe loading=\"lazy\" title=\"AG BLES D&#039;OR SAISON 2014 2015\" width=\"783\" height=\"587\" src=\"https:\/\/www.youtube.com\/embed\/Orw_xColpkg?feature=oembed\" frameborder=\"0\" allow=\"accelerometer; autoplay; clipboard-write; encrypted-media; gyroscope; picture-in-picture; web-share\" allowfullscreen><\/iframe><\/p>\n","protected":false},"excerpt":{"rendered":"<p>\u00ab La perf\u2019 d\u2019accord, le plaisir d\u2019abord \u00bb : une philosophie de club ! Les bl\u00e9s d\u2019or apportent une grande importance \u00e0 la coh\u00e9sion entre<\/p>\n","protected":false},"author":2,"featured_media":0,"parent":0,"menu_order":6,"comment_status":"closed","ping_status":"closed","template":"","meta":{"footnotes":""},"class_list":["post-1788","page","type-page","status-publish","hentry"],"_links":{"self":[{"href":"https:\/\/blesdor.org\/index.php\/wp-json\/wp\/v2\/pages\/1788","targetHints":{"allow":["GET"]}}],"collection":[{"href":"https:\/\/blesdor.org\/index.php\/wp-json\/wp\/v2\/pages"}],"about":[{"href":"https:\/\/blesdor.org\/index.php\/wp-json\/wp\/v2\/types\/page"}],"author":[{"embeddable":true,"href":"https:\/\/blesdor.org\/index.php\/wp-json\/wp\/v2\/users\/2"}],"replies":[{"embeddable":true,"href":"https:\/\/blesdor.org\/index.php\/wp-json\/wp\/v2\/comments?post=1788"}],"version-history":[{"count":15,"href":"https:\/\/blesdor.org\/index.php\/wp-json\/wp\/v2\/pages\/1788\/revisions"}],"predecessor-version":[{"id":3053,"href":"https:\/\/blesdor.org\/index.php\/wp-json\/wp\/v2\/pages\/1788\/revisions\/3053"}],"wp:attachment":[{"href":"https:\/\/blesdor.org\/index.php\/wp-json\/wp\/v2\/media?parent=1788"}],"curies":[{"name":"wp","href":"https:\/\/api.w.org\/{rel}","templated":true}]}}