{"id":3154,"date":"2020-07-16T16:56:41","date_gmt":"2020-07-16T14:56:41","guid":{"rendered":"http:\/\/blesdors.org\/?page_id=3154"},"modified":"2023-06-04T21:14:24","modified_gmt":"2023-06-04T19:14:24","slug":"lathletisme","status":"publish","type":"page","link":"http:\/\/blesdor.org\/index.php\/lathletisme\/","title":{"rendered":"L&rsquo;Athl\u00e9tisme"},"content":{"rendered":"<div class=\"kvgmc6g5 cxmmr5t8 oygrvhab hcukyx3x c1et5uql ii04i59q\">\n<div dir=\"auto\">\n<p>Cr\u00e9\u00e9e en 2017, la section \u00ab Athl\u00e9tisme \u00bb compte en 2022\/2023 pr\u00e8s de 60 jeunes de 6 ans \u00e0 18 ans ! Courir, sauter, lancer &#8230; s&rsquo;amuser ! D\u00e8s la cat\u00e9gorie benjamins les jeunes athl\u00e8tes participent aux comp\u00e9titions sous les couleurs du Stade Brestois Athl\u00e9tisme.<\/p>\n<p>Le club des Bl\u00e9s d\u2019or a sign\u00e9 un partenariat avec le stade brestois Athl\u00e9tisme permettant d\u2019affilier \u00e0 la f\u00e9d\u00e9ration Fran\u00e7aise d\u2019Athl\u00e9tisme les enfants \u00e0 partir de 12 ans mais aussi de b\u00e9n\u00e9ficier r\u00e9guli\u00e8rement des infrastructures brestoises comme la salle d\u2019Athl\u00e9tisme du kerzu.<\/p>\n<p><img loading=\"lazy\" decoding=\"async\" class=\"size-medium wp-image-3420 aligncenter\" src=\"http:\/\/blesdor.org\/wp-content\/uploads\/2022\/10\/IMG_20220611_103756-300x138.jpg\" alt=\"\" width=\"300\" height=\"138\" srcset=\"http:\/\/blesdor.org\/wp-content\/uploads\/2022\/10\/IMG_20220611_103756-300x138.jpg 300w, http:\/\/blesdor.org\/wp-content\/uploads\/2022\/10\/IMG_20220611_103756-1024x472.jpg 1024w, http:\/\/blesdor.org\/wp-content\/uploads\/2022\/10\/IMG_20220611_103756-768x354.jpg 768w, http:\/\/blesdor.org\/wp-content\/uploads\/2022\/10\/IMG_20220611_103756-1536x708.jpg 1536w, http:\/\/blesdor.org\/wp-content\/uploads\/2022\/10\/IMG_20220611_103756-2048x944.jpg 2048w\" sizes=\"auto, (max-width: 300px) 100vw, 300px\" \/><img loading=\"lazy\" decoding=\"async\" class=\"wp-image-3421 aligncenter\" src=\"http:\/\/blesdor.org\/wp-content\/uploads\/2022\/10\/IMG_20220609_182916-300x138.jpg\" alt=\"\" width=\"302\" height=\"139\" srcset=\"http:\/\/blesdor.org\/wp-content\/uploads\/2022\/10\/IMG_20220609_182916-300x138.jpg 300w, http:\/\/blesdor.org\/wp-content\/uploads\/2022\/10\/IMG_20220609_182916-1024x472.jpg 1024w, http:\/\/blesdor.org\/wp-content\/uploads\/2022\/10\/IMG_20220609_182916-768x354.jpg 768w, http:\/\/blesdor.org\/wp-content\/uploads\/2022\/10\/IMG_20220609_182916-1536x708.jpg 1536w, http:\/\/blesdor.org\/wp-content\/uploads\/2022\/10\/IMG_20220609_182916-2048x944.jpg 2048w\" sizes=\"auto, (max-width: 302px) 100vw, 302px\" \/><\/p>\n<p>Deux groupes d\u2019\u00e9veil athl\u00e9tique sont propos\u00e9s aux 6-11 ans le samedi :<\/p>\n<ul>\n<li>De 09h30 \u00e0 10h45 pour les \u00e9veils et poussins (2016 et plus)<\/li>\n<\/ul>\n<p>Les s\u00e9ances sont anim\u00e9es par la coach Francine JAURES, Bruno JAOUEN, Brendan HENNEBAULT, S\u00e9bastien MUSCAT, M\u00e9lanie JESTIN, Laetitia GUYOMARC&rsquo;H , Alan LE GUEN et Brigitte CLOAREC . \u00ab Courir, sauter, lancer et s\u2019amuser \u00bb est la ligne de conduite lors de la saison ! En hiver, les s\u00e9ances sont anim\u00e9es en int\u00e9rieur et r\u00e9guli\u00e8rement des s\u00e9ances sont propos\u00e9es dans la salle du kerzu (sauts, lancers etc.).<\/p>\n<p><img loading=\"lazy\" decoding=\"async\" class=\"alignnone size-medium wp-image-3422 aligncenter\" src=\"http:\/\/blesdor.org\/wp-content\/uploads\/2022\/10\/IMG_20220924_112552-300x225.jpg\" alt=\"\" width=\"300\" height=\"225\" srcset=\"http:\/\/blesdor.org\/wp-content\/uploads\/2022\/10\/IMG_20220924_112552-300x225.jpg 300w, http:\/\/blesdor.org\/wp-content\/uploads\/2022\/10\/IMG_20220924_112552-1024x768.jpg 1024w, http:\/\/blesdor.org\/wp-content\/uploads\/2022\/10\/IMG_20220924_112552-768x576.jpg 768w, http:\/\/blesdor.org\/wp-content\/uploads\/2022\/10\/IMG_20220924_112552-1536x1152.jpg 1536w, http:\/\/blesdor.org\/wp-content\/uploads\/2022\/10\/IMG_20220924_112552-2048x1536.jpg 2048w\" sizes=\"auto, (max-width: 300px) 100vw, 300px\" \/><\/p>\n<p>Les enfants \u00e0 partir de benjamins (\u00e0 partir de 12 ans) sont eux affili\u00e9s \u00e0 la F\u00e9d\u00e9ration Fran\u00e7aise d\u2019Athl\u00e9tisme et doivent participer aux comp\u00e9titions. Plusieurs s\u00e9ances leur sont propos\u00e9es :<\/p>\n<ul>\n<li>Mardi \u00e0 18h30 : minimes \u00e0 juniors<\/li>\n<li>Jeudi \u00e0 18h30 : benjamins \u00e0 juniors<\/li>\n<li>Samedi \u00e0 10h30 : benjamins \u00e0 juniors<\/li>\n<\/ul>\n<p>Les s\u00e9ances sont anim\u00e9es par Robert CARIOU, Bruno JAOUEN et Francine JAURES.<\/p>\n<p><img loading=\"lazy\" decoding=\"async\" class=\"wp-image-3236 aligncenter\" src=\"http:\/\/blesdor.org\/wp-content\/uploads\/2020\/07\/Photo-4-300x225.jpg\" alt=\"\" width=\"312\" height=\"234\" srcset=\"http:\/\/blesdor.org\/wp-content\/uploads\/2020\/07\/Photo-4-300x225.jpg 300w, http:\/\/blesdor.org\/wp-content\/uploads\/2020\/07\/Photo-4-1024x768.jpg 1024w, http:\/\/blesdor.org\/wp-content\/uploads\/2020\/07\/Photo-4-768x576.jpg 768w, http:\/\/blesdor.org\/wp-content\/uploads\/2020\/07\/Photo-4.jpg 1080w\" sizes=\"auto, (max-width: 312px) 100vw, 312px\" \/><\/p>\n<p><img loading=\"lazy\" decoding=\"async\" class=\"size-medium wp-image-3423 aligncenter\" src=\"http:\/\/blesdor.org\/wp-content\/uploads\/2022\/10\/IMG_20220612_143042-300x138.jpg\" alt=\"\" width=\"300\" height=\"138\" srcset=\"http:\/\/blesdor.org\/wp-content\/uploads\/2022\/10\/IMG_20220612_143042-300x138.jpg 300w, http:\/\/blesdor.org\/wp-content\/uploads\/2022\/10\/IMG_20220612_143042-1024x472.jpg 1024w, http:\/\/blesdor.org\/wp-content\/uploads\/2022\/10\/IMG_20220612_143042-768x354.jpg 768w, http:\/\/blesdor.org\/wp-content\/uploads\/2022\/10\/IMG_20220612_143042-1536x708.jpg 1536w, http:\/\/blesdor.org\/wp-content\/uploads\/2022\/10\/IMG_20220612_143042-2048x944.jpg 2048w\" sizes=\"auto, (max-width: 300px) 100vw, 300px\" \/><\/p>\n<\/div>\n<\/div>\n<p><!--more--><\/p>\n","protected":false},"excerpt":{"rendered":"<p>Cr\u00e9\u00e9e en 2017, la section \u00ab Athl\u00e9tisme \u00bb compte en 2022\/2023 pr\u00e8s de 60 jeunes de 6 ans \u00e0 18 ans ! Courir, sauter, lancer<\/p>\n","protected":false},"author":8,"featured_media":3655,"parent":0,"menu_order":0,"comment_status":"closed","ping_status":"closed","template":"","meta":{"footnotes":""},"class_list":["post-3154","page","type-page","status-publish","has-post-thumbnail","hentry"],"_links":{"self":[{"href":"http:\/\/blesdor.org\/index.php\/wp-json\/wp\/v2\/pages\/3154","targetHints":{"allow":["GET"]}}],"collection":[{"href":"http:\/\/blesdor.org\/index.php\/wp-json\/wp\/v2\/pages"}],"about":[{"href":"http:\/\/blesdor.org\/index.php\/wp-json\/wp\/v2\/types\/page"}],"author":[{"embeddable":true,"href":"http:\/\/blesdor.org\/index.php\/wp-json\/wp\/v2\/users\/8"}],"replies":[{"embeddable":true,"href":"http:\/\/blesdor.org\/index.php\/wp-json\/wp\/v2\/comments?post=3154"}],"version-history":[{"count":20,"href":"http:\/\/blesdor.org\/index.php\/wp-json\/wp\/v2\/pages\/3154\/revisions"}],"predecessor-version":[{"id":3653,"href":"http:\/\/blesdor.org\/index.php\/wp-json\/wp\/v2\/pages\/3154\/revisions\/3653"}],"wp:featuredmedia":[{"embeddable":true,"href":"http:\/\/blesdor.org\/index.php\/wp-json\/wp\/v2\/media\/3655"}],"wp:attachment":[{"href":"http:\/\/blesdor.org\/index.php\/wp-json\/wp\/v2\/media?parent=3154"}],"curies":[{"name":"wp","href":"https:\/\/api.w.org\/{rel}","templated":true}]}}