{"id":2457,"date":"2017-07-31T19:26:16","date_gmt":"2017-07-31T17:26:16","guid":{"rendered":"http:\/\/blesdors.org\/?page_id=2457"},"modified":"2017-09-03T19:57:51","modified_gmt":"2017-09-03T17:57:51","slug":"premieres-rencontres-dathletisme","status":"publish","type":"page","link":"http:\/\/blesdor.org\/index.php\/premieres-rencontres-dathletisme\/","title":{"rendered":"Premi\u00e8res rencontres d&rsquo;athl\u00e9tisme"},"content":{"rendered":"<p>Le 1er Septembre \u00e0 18h00 au complxe du Crann, avec le soutien du Stade Brestois Athl\u00e9tisme, le club des bl\u00e9s d&rsquo;or organise les premi\u00e8res rencontres d&rsquo;Athl\u00e9tisme de Gouesnou !<\/p>\n<p>Ouvertes \u00e0 tous (comp\u00e9titeurs FFA comme coureurs des clubs de running) cette comp\u00e9tition se veut avant tout sportive et conviviale ! Plusieurs distances seront propos\u00e9es : 1000m, 600m et 200m avec des s\u00e9ries par niveau. Les meilleurs chronos seront r\u00e9compens\u00e9s !<\/p>\n<p>Pour la rentr\u00e9e, venez vous tester sur une distance mesur\u00e9e ! Et n\u00a0\u00bbh\u00e9sitez pas \u00e0 venir supporter les coureurs, il va y avoir du posrt \u00e0 Gouesnou avec d\u00e9j\u00e0 des athl\u00e8tes de tr\u00e8s bon niveau attendus !<\/p>\n<p>Inscriptions <a href=\"http:\/\/blesdor.org\/index.php\/2017\/08\/03\/sinscrire-en-ligne-pour-la-rencontre-dathletisme\/\">ici<\/a>.<\/p>\n<p>Les dotations <a href=\"https:\/\/blesdors.org\/?p=2539\">ici<\/a><\/p>\n<p>Les r\u00e9sultats <a href=\"http:\/\/blesdor.org\/index.php\/2017\/09\/03\/meeting-dathletisme-2018-les-resultats\/\">ici<\/a><\/p>\n<p>&nbsp;<\/p>\n<p><img loading=\"lazy\" decoding=\"async\" class=\"size-full wp-image-2468 aligncenter\" src=\"http:\/\/blesdor.org\/wp-content\/uploads\/2017\/07\/Affiche-Rencontre-athl\u00e9tisme-de-Gouesnou-2017-457x640-1.jpg\" alt=\"\" width=\"457\" height=\"640\"><\/p>\n","protected":false},"excerpt":{"rendered":"<p>Le 1er Septembre \u00e0 18h00 au complxe du Crann, avec le soutien du Stade Brestois Athl\u00e9tisme, le club des bl\u00e9s d&rsquo;or organise les premi\u00e8res rencontres<\/p>\n","protected":false},"author":5,"featured_media":2467,"parent":0,"menu_order":0,"comment_status":"closed","ping_status":"closed","template":"","meta":{"footnotes":""},"class_list":["post-2457","page","type-page","status-publish","has-post-thumbnail","hentry"],"_links":{"self":[{"href":"http:\/\/blesdor.org\/index.php\/wp-json\/wp\/v2\/pages\/2457","targetHints":{"allow":["GET"]}}],"collection":[{"href":"http:\/\/blesdor.org\/index.php\/wp-json\/wp\/v2\/pages"}],"about":[{"href":"http:\/\/blesdor.org\/index.php\/wp-json\/wp\/v2\/types\/page"}],"author":[{"embeddable":true,"href":"http:\/\/blesdor.org\/index.php\/wp-json\/wp\/v2\/users\/5"}],"replies":[{"embeddable":true,"href":"http:\/\/blesdor.org\/index.php\/wp-json\/wp\/v2\/comments?post=2457"}],"version-history":[{"count":8,"href":"http:\/\/blesdor.org\/index.php\/wp-json\/wp\/v2\/pages\/2457\/revisions"}],"predecessor-version":[{"id":2619,"href":"http:\/\/blesdor.org\/index.php\/wp-json\/wp\/v2\/pages\/2457\/revisions\/2619"}],"wp:featuredmedia":[{"embeddable":true,"href":"http:\/\/blesdor.org\/index.php\/wp-json\/wp\/v2\/media\/2467"}],"wp:attachment":[{"href":"http:\/\/blesdor.org\/index.php\/wp-json\/wp\/v2\/media?parent=2457"}],"curies":[{"name":"wp","href":"https:\/\/api.w.org\/{rel}","templated":true}]}}