{"id":1944,"date":"2017-03-25T19:51:54","date_gmt":"2017-03-25T18:51:54","guid":{"rendered":"http:\/\/blesdors.org\/?page_id=1944"},"modified":"2022-10-18T15:32:15","modified_gmt":"2022-10-18T13:32:15","slug":"1944-2","status":"publish","type":"page","link":"http:\/\/blesdor.org\/index.php\/le-club\/1944-2\/","title":{"rendered":"Infrastructure"},"content":{"rendered":"<p><img loading=\"lazy\" decoding=\"async\" class=\"alignnone size-medium wp-image-3240\" src=\"http:\/\/blesdor.org\/wp-content\/uploads\/2020\/07\/piste-1-225x300.jpg\" alt=\"\" width=\"225\" height=\"300\" srcset=\"http:\/\/blesdor.org\/wp-content\/uploads\/2020\/07\/piste-1-225x300.jpg 225w, http:\/\/blesdor.org\/wp-content\/uploads\/2020\/07\/piste-1-768x1024.jpg 768w, http:\/\/blesdor.org\/wp-content\/uploads\/2020\/07\/piste-1.jpg 1080w\" sizes=\"auto, (max-width: 225px) 100vw, 225px\" \/> <img loading=\"lazy\" decoding=\"async\" class=\"alignnone size-medium wp-image-3241\" src=\"http:\/\/blesdor.org\/wp-content\/uploads\/2020\/07\/piste-2-300x225.jpg\" alt=\"\" width=\"300\" height=\"225\" srcset=\"http:\/\/blesdor.org\/wp-content\/uploads\/2020\/07\/piste-2-300x225.jpg 300w, http:\/\/blesdor.org\/wp-content\/uploads\/2020\/07\/piste-2-1024x768.jpg 1024w, http:\/\/blesdor.org\/wp-content\/uploads\/2020\/07\/piste-2-768x576.jpg 768w, http:\/\/blesdor.org\/wp-content\/uploads\/2020\/07\/piste-2.jpg 1080w\" sizes=\"auto, (max-width: 300px) 100vw, 300px\" \/> <img loading=\"lazy\" decoding=\"async\" class=\"alignnone size-medium wp-image-3242\" src=\"http:\/\/blesdor.org\/wp-content\/uploads\/2020\/07\/piste-3-300x138.jpg\" alt=\"\" width=\"300\" height=\"138\" srcset=\"http:\/\/blesdor.org\/wp-content\/uploads\/2020\/07\/piste-3-300x138.jpg 300w, http:\/\/blesdor.org\/wp-content\/uploads\/2020\/07\/piste-3-1024x473.jpg 1024w, http:\/\/blesdor.org\/wp-content\/uploads\/2020\/07\/piste-3-768x354.jpg 768w, http:\/\/blesdor.org\/wp-content\/uploads\/2020\/07\/piste-3-1536x709.jpg 1536w, http:\/\/blesdor.org\/wp-content\/uploads\/2020\/07\/piste-3.jpg 1950w\" sizes=\"auto, (max-width: 300px) 100vw, 300px\" \/><\/p>\n<p>Les entra\u00eenements se font sur plusieurs sites :<\/p>\n<ul>\n<li>Piste d&rsquo;athl\u00e9tisme<\/li>\n<\/ul>\n<p>Lieu d&rsquo;entra\u00eenement pour les s\u00e9ances du mardi, jeudi et vendredi ainsi que pour l&rsquo;\u00e9cole d&rsquo;athl\u00e9tisme.<\/p>\n<ul>\n<li>Espace Pierrot Menez<\/li>\n<\/ul>\n<p>Si\u00e8ge du club. C&rsquo;est le lieu de rendez-vous pour la marche (mercredi et dimanche), et la course ( mercredi et dimanche)&nbsp;<\/p>\n<p>La vid\u00e9o de pr\u00e9sentation lors de l&rsquo;inauguration du parc municipal des sports :<\/p>\n<p><iframe loading=\"lazy\" title=\"\u00a9 Ville de Gouesnou - Les Questions Face Cam #1 - novembre 2015\" width=\"783\" height=\"440\" src=\"https:\/\/www.youtube.com\/embed\/I3WZPPQQJYk?feature=oembed\" frameborder=\"0\" allow=\"accelerometer; autoplay; clipboard-write; encrypted-media; gyroscope; picture-in-picture; web-share\" allowfullscreen><\/iframe><\/p>\n","protected":false},"excerpt":{"rendered":"<p>Les entra\u00eenements se font sur plusieurs sites : Piste d&rsquo;athl\u00e9tisme Lieu d&rsquo;entra\u00eenement pour les s\u00e9ances du mardi, jeudi et vendredi ainsi que pour l&rsquo;\u00e9cole d&rsquo;athl\u00e9tisme.<\/p>\n","protected":false},"author":2,"featured_media":3067,"parent":1857,"menu_order":3,"comment_status":"closed","ping_status":"closed","template":"","meta":{"footnotes":""},"class_list":["post-1944","page","type-page","status-publish","has-post-thumbnail","hentry"],"_links":{"self":[{"href":"http:\/\/blesdor.org\/index.php\/wp-json\/wp\/v2\/pages\/1944","targetHints":{"allow":["GET"]}}],"collection":[{"href":"http:\/\/blesdor.org\/index.php\/wp-json\/wp\/v2\/pages"}],"about":[{"href":"http:\/\/blesdor.org\/index.php\/wp-json\/wp\/v2\/types\/page"}],"author":[{"embeddable":true,"href":"http:\/\/blesdor.org\/index.php\/wp-json\/wp\/v2\/users\/2"}],"replies":[{"embeddable":true,"href":"http:\/\/blesdor.org\/index.php\/wp-json\/wp\/v2\/comments?post=1944"}],"version-history":[{"count":12,"href":"http:\/\/blesdor.org\/index.php\/wp-json\/wp\/v2\/pages\/1944\/revisions"}],"predecessor-version":[{"id":3384,"href":"http:\/\/blesdor.org\/index.php\/wp-json\/wp\/v2\/pages\/1944\/revisions\/3384"}],"up":[{"embeddable":true,"href":"http:\/\/blesdor.org\/index.php\/wp-json\/wp\/v2\/pages\/1857"}],"wp:featuredmedia":[{"embeddable":true,"href":"http:\/\/blesdor.org\/index.php\/wp-json\/wp\/v2\/media\/3067"}],"wp:attachment":[{"href":"http:\/\/blesdor.org\/index.php\/wp-json\/wp\/v2\/media?parent=1944"}],"curies":[{"name":"wp","href":"https:\/\/api.w.org\/{rel}","templated":true}]}}