{"id":1871,"date":"2017-03-25T17:04:06","date_gmt":"2017-03-25T16:04:06","guid":{"rendered":"http:\/\/blesdors.org\/?page_id=1871"},"modified":"2025-12-03T21:31:44","modified_gmt":"2025-12-03T20:31:44","slug":"partenaires","status":"publish","type":"page","link":"http:\/\/blesdor.org\/index.php\/partenaires\/","title":{"rendered":"PARTENAIRES"},"content":{"rendered":"\n<h3 class=\"wp-block-heading\">Partenaires du club<\/h3>\n\n\n\n<p class=\"has-text-align-left\">Sans partenaires le club n&rsquo;aurait pu se d\u00e9velopper et proposer autant d&rsquo;activit\u00e9s notamment aux athl\u00e8tes ! Le club des partenaires des bl\u00e9s d&rsquo;or se r\u00e9unit r\u00e9guli\u00e8rement autour de moments de convivialit\u00e9 et d&rsquo;\u00e9changes !<\/p>\n\n\n\n<p> Le club est d&rsquo;ailleurs tr\u00e8s attach\u00e9 \u00e0 privil\u00e9gier les commerces et entreprises locaux dans ses achats et services.<\/p>\n\n\n\n<div style=\"height:28px\" aria-hidden=\"true\" class=\"wp-block-spacer\"><\/div>\n\n\n\n<p class=\"has-text-align-center has-vivid-red-color has-text-color has-medium-font-size\"> <\/p>\n\n\n\n<div style=\"height:24px\" aria-hidden=\"true\" class=\"wp-block-spacer\"><\/div>\n\n\n\n<div style=\"height:17px\" aria-hidden=\"true\" class=\"wp-block-spacer\"><\/div>\n\n\n\n<div style=\"height:15px\" aria-hidden=\"true\" class=\"wp-block-spacer\"><\/div>\n\n\n\n<p class=\"has-text-align-center\"><\/p>\n\n\n\n<p>N&rsquo;h\u00e9sitez pas \u00e0 solliciter nos partenaires pour vos achats et demandes de devis ! Aux bl\u00e9s d&rsquo;or les affaires se sont dans la zone et non Amazon !<\/p>\n\n\n<div class=\"wp-block-image\">\n<figure class=\"aligncenter size-large\"><img loading=\"lazy\" decoding=\"async\" width=\"1024\" height=\"911\" src=\"https:\/\/blesdor.org\/wp-content\/uploads\/2025\/12\/panneau-partenaires-club-2025-2-1024x911.jpg\" alt=\"\" class=\"wp-image-3962\" srcset=\"http:\/\/blesdor.org\/wp-content\/uploads\/2025\/12\/panneau-partenaires-club-2025-2-1024x911.jpg 1024w, http:\/\/blesdor.org\/wp-content\/uploads\/2025\/12\/panneau-partenaires-club-2025-2-300x267.jpg 300w, http:\/\/blesdor.org\/wp-content\/uploads\/2025\/12\/panneau-partenaires-club-2025-2-768x683.jpg 768w, http:\/\/blesdor.org\/wp-content\/uploads\/2025\/12\/panneau-partenaires-club-2025-2-1536x1366.jpg 1536w, http:\/\/blesdor.org\/wp-content\/uploads\/2025\/12\/panneau-partenaires-club-2025-2.jpg 2000w\" sizes=\"auto, (max-width: 1024px) 100vw, 1024px\" \/><\/figure><\/div>\n\n\n<p class=\"has-text-align-center\"><\/p>\n\n\n\n<p class=\"has-text-align-center\"><span style=\"color: #ff0000; font-size: 20px;\"><em><strong>PROFITEZ DE L&rsquo;OFFRE DE NOTRE PARTENAIRE LE TELEGRAMME !<\/strong><\/em><\/span><\/p>\n\n\n<div class=\"wp-block-image\">\n<figure class=\"aligncenter\"><a href=\"https:\/\/www.letelegramme.fr\/mois-offert\/?utm_source=partenaire&amp;utm_medium=web&amp;utm_campaign=TLG_MKT_PRO_WEB_24082022_LaLeclercGouesnou_LLG22\"><img loading=\"lazy\" decoding=\"async\" width=\"300\" height=\"125\" src=\"http:\/\/blesdor.org\/wp-content\/uploads\/2022\/10\/Leclerc-Gouesnou-1-300x125.png\" alt=\"\" class=\"wp-image-3385\" srcset=\"http:\/\/blesdor.org\/wp-content\/uploads\/2022\/10\/Leclerc-Gouesnou-1-300x125.png 300w, http:\/\/blesdor.org\/wp-content\/uploads\/2022\/10\/Leclerc-Gouesnou-1-1024x427.png 1024w, http:\/\/blesdor.org\/wp-content\/uploads\/2022\/10\/Leclerc-Gouesnou-1-768x320.png 768w, http:\/\/blesdor.org\/wp-content\/uploads\/2022\/10\/Leclerc-Gouesnou-1.png 1200w\" sizes=\"auto, (max-width: 300px) 100vw, 300px\" \/><\/a><\/figure><\/div>\n\n\n<h3 class=\"wp-block-heading\">Partenaires de la Leclerc Gouesnou Brest m\u00e9tropole<\/h3>\n\n\n<div class=\"wp-block-image\">\n<figure class=\"aligncenter size-large\"><img loading=\"lazy\" decoding=\"async\" width=\"1024\" height=\"870\" src=\"https:\/\/blesdor.org\/wp-content\/uploads\/2024\/07\/panneau-partenaires-2024-1-1024x870.jpg\" alt=\"\" class=\"wp-image-3785\" srcset=\"http:\/\/blesdor.org\/wp-content\/uploads\/2024\/07\/panneau-partenaires-2024-1-1024x870.jpg 1024w, http:\/\/blesdor.org\/wp-content\/uploads\/2024\/07\/panneau-partenaires-2024-1-300x255.jpg 300w, http:\/\/blesdor.org\/wp-content\/uploads\/2024\/07\/panneau-partenaires-2024-1-768x653.jpg 768w, http:\/\/blesdor.org\/wp-content\/uploads\/2024\/07\/panneau-partenaires-2024-1-1536x1305.jpg 1536w, http:\/\/blesdor.org\/wp-content\/uploads\/2024\/07\/panneau-partenaires-2024-1-2048x1740.jpg 2048w\" sizes=\"auto, (max-width: 1024px) 100vw, 1024px\" \/><\/figure><\/div>","protected":false},"excerpt":{"rendered":"<p>Partenaires du club Sans partenaires le club n&rsquo;aurait pu se d\u00e9velopper et proposer autant d&rsquo;activit\u00e9s notamment aux athl\u00e8tes ! Le club des partenaires des bl\u00e9s<\/p>\n","protected":false},"author":2,"featured_media":3715,"parent":0,"menu_order":0,"comment_status":"closed","ping_status":"closed","template":"","meta":{"footnotes":""},"class_list":["post-1871","page","type-page","status-publish","has-post-thumbnail","hentry"],"_links":{"self":[{"href":"http:\/\/blesdor.org\/index.php\/wp-json\/wp\/v2\/pages\/1871","targetHints":{"allow":["GET"]}}],"collection":[{"href":"http:\/\/blesdor.org\/index.php\/wp-json\/wp\/v2\/pages"}],"about":[{"href":"http:\/\/blesdor.org\/index.php\/wp-json\/wp\/v2\/types\/page"}],"author":[{"embeddable":true,"href":"http:\/\/blesdor.org\/index.php\/wp-json\/wp\/v2\/users\/2"}],"replies":[{"embeddable":true,"href":"http:\/\/blesdor.org\/index.php\/wp-json\/wp\/v2\/comments?post=1871"}],"version-history":[{"count":50,"href":"http:\/\/blesdor.org\/index.php\/wp-json\/wp\/v2\/pages\/1871\/revisions"}],"predecessor-version":[{"id":3963,"href":"http:\/\/blesdor.org\/index.php\/wp-json\/wp\/v2\/pages\/1871\/revisions\/3963"}],"wp:featuredmedia":[{"embeddable":true,"href":"http:\/\/blesdor.org\/index.php\/wp-json\/wp\/v2\/media\/3715"}],"wp:attachment":[{"href":"http:\/\/blesdor.org\/index.php\/wp-json\/wp\/v2\/media?parent=1871"}],"curies":[{"name":"wp","href":"https:\/\/api.w.org\/{rel}","templated":true}]}}