{"id":1695,"date":"2017-03-18T21:17:04","date_gmt":"2017-03-18T20:17:04","guid":{"rendered":"http:\/\/blesdors.org\/?page_id=1695"},"modified":"2017-03-18T21:17:15","modified_gmt":"2017-03-18T20:17:15","slug":"adherer","status":"publish","type":"page","link":"http:\/\/blesdor.org\/index.php\/adherer\/","title":{"rendered":"Adh\u00e9rer"},"content":{"rendered":"<p>Vous \u00eates motiv\u00e9s pour reprendre le sport dasn un club motiv\u00e9 et dynamique<br \/>\nVous avez aimer votre s\u00e9ance d&rsquo;essai<\/p>\n<p>N&rsquo;h\u00e9siter pas \u00e0 adh\u00e9rer au club , en imprimant le document ci dessous en fournissant lors d&rsquo;une nouvelle s\u00e9ance<br \/>\nou le poster \u00e0 l&rsquo;adresse :  xxxxx<\/p>\n","protected":false},"excerpt":{"rendered":"<p>Vous \u00eates motiv\u00e9s pour reprendre le sport dasn un club motiv\u00e9 et dynamique Vous avez aimer votre s\u00e9ance d&rsquo;essai N&rsquo;h\u00e9siter pas \u00e0 adh\u00e9rer au club<\/p>\n","protected":false},"author":2,"featured_media":0,"parent":0,"menu_order":0,"comment_status":"closed","ping_status":"closed","template":"","meta":{"footnotes":""},"class_list":["post-1695","page","type-page","status-publish","hentry"],"_links":{"self":[{"href":"http:\/\/blesdor.org\/index.php\/wp-json\/wp\/v2\/pages\/1695","targetHints":{"allow":["GET"]}}],"collection":[{"href":"http:\/\/blesdor.org\/index.php\/wp-json\/wp\/v2\/pages"}],"about":[{"href":"http:\/\/blesdor.org\/index.php\/wp-json\/wp\/v2\/types\/page"}],"author":[{"embeddable":true,"href":"http:\/\/blesdor.org\/index.php\/wp-json\/wp\/v2\/users\/2"}],"replies":[{"embeddable":true,"href":"http:\/\/blesdor.org\/index.php\/wp-json\/wp\/v2\/comments?post=1695"}],"version-history":[{"count":1,"href":"http:\/\/blesdor.org\/index.php\/wp-json\/wp\/v2\/pages\/1695\/revisions"}],"predecessor-version":[{"id":1696,"href":"http:\/\/blesdor.org\/index.php\/wp-json\/wp\/v2\/pages\/1695\/revisions\/1696"}],"wp:attachment":[{"href":"http:\/\/blesdor.org\/index.php\/wp-json\/wp\/v2\/media?parent=1695"}],"curies":[{"name":"wp","href":"https:\/\/api.w.org\/{rel}","templated":true}]}}